{"id":3933,"date":"2024-02-06T10:27:13","date_gmt":"2024-02-06T10:27:13","guid":{"rendered":"https:\/\/rainbowthemes.net\/themes\/histudy\/?page_id=3933"},"modified":"2024-08-30T15:42:58","modified_gmt":"2024-08-30T15:42:58","slug":"kontakt","status":"publish","type":"page","link":"https:\/\/bs-lang.ba\/en\/kontakt\/","title":{"rendered":"Contact"},"content":{"rendered":"<div data-elementor-type=\"wp-page\" data-elementor-id=\"3933\" class=\"elementor elementor-3933\" data-elementor-post-type=\"page\">\n\t\t\t\t<div class=\"elementor-element elementor-element-4d3add5 e-con-full e-flex e-con e-parent\" data-id=\"4d3add5\" data-element_type=\"container\" data-settings=\"{&quot;background_background&quot;:&quot;classic&quot;}\">\n\t\t\t\t<div class=\"elementor-element elementor-element-35d241a elementor-widget elementor-widget-rainbow-contact-form\" data-id=\"35d241a\" data-element_type=\"widget\" data-widget_type=\"rainbow-contact-form.default\">\n\t\t\t\t<div class=\"elementor-widget-container\">\n\t\t\t<div class=\"rbt-conatct-area bg-gradient-11 rbt-section-gap\">\r\n    <div class=\"container\">\r\n        <div class=\"row\">\r\n            <div class=\"col-lg-12\">\r\n                <div class=\"section-title text-center mb--60\">\r\n                                            <span class=\"subtitle bg-secondary-opacity\">KONTAKT<\/span>\r\n                                                                <h2 class=\"title\">Kontaktirajte nas<\/h3>\r\n                                    <\/div>\r\n            <\/div>\r\n        <\/div>\r\n                <div class=\"row g-5\">\r\n                        <div class=\"col-lg-4 col-md-6 col-sm-6 col-12\">\r\n                <div class=\"rbt-address\">\r\n                    <div class=\"icon\">\r\n                        <i aria-hidden=\"true\" class=\"rbt feather-headphones\"><\/i>                    <\/div>\r\n                    <div class=\"inner\">\r\n                                                    <h4 class=\"title\">Kontakt broj<\/h4>\r\n                                                <p><a href=\"tel: 38762415545\">+387 \/ 62 \/ 415 \u2013 545<\/a><\/p>                     <\/div>\r\n                <\/div>\r\n            <\/div>\r\n                        <div class=\"col-lg-4 col-md-6 col-sm-6 col-12\">\r\n                <div class=\"rbt-address\">\r\n                    <div class=\"icon\">\r\n                        <i aria-hidden=\"true\" class=\"rbt feather-mail\"><\/i>                    <\/div>\r\n                    <div class=\"inner\">\r\n                                                    <h4 class=\"title\">E-mail adresa<\/h4>\r\n                                                <p><a href=\"mailto:info@bs-lang.ba\">info@bs-lang.ba<\/a><\/p>                    <\/div>\r\n                <\/div>\r\n            <\/div>\r\n                        <div class=\"col-lg-4 col-md-6 col-sm-6 col-12\">\r\n                <div class=\"rbt-address\">\r\n                    <div class=\"icon\">\r\n                        <i aria-hidden=\"true\" class=\"rbt feather-map-pin\"><\/i>                    <\/div>\r\n                    <div class=\"inner\">\r\n                                                    <h4 class=\"title\">Na\u0161a lokacija<\/h4>\r\n                                                <p>Branilaca Sarajeva 20, 1. Sprat <br> 71000 Sarajevo                    <\/div>\r\n                <\/div>\r\n            <\/div>\r\n                    <\/div>\r\n            <\/div>\r\n<\/div>\t\t<\/div>\n\t\t\t\t<\/div>\n\t\t\t\t<\/div>\n\t\t<div class=\"elementor-element elementor-element-776f444 e-con-full rbt-btn-radius-6 e-flex e-con e-parent\" data-id=\"776f444\" data-element_type=\"container\">\n\t\t\t\t<div class=\"elementor-element elementor-element-c05e4e6 elementor-widget elementor-widget-rainbow-contact-form\" data-id=\"c05e4e6\" data-element_type=\"widget\" data-widget_type=\"rainbow-contact-form.default\">\n\t\t\t\t<div class=\"elementor-widget-container\">\n\t\t\t<!-- Start Contact Me Area  -->\r\n<div class=\"rbt-contact-me bg-color-white\">\r\n    <div class=\"container\">\r\n        <div class=\"row g-5\">\r\n            <div class=\"col-lg-6\">\r\n                <div class=\"thumbnail\">\r\n                    <div class=\"rb-radius-10-img\">\r\n                        <img decoding=\"async\" src=\"https:\/\/bs-lang.ba\/wp-content\/uploads\/2024\/08\/bs-full.png\" title=\"bs-full\" alt=\"bs-full\" loading=\"lazy\" \/>                    <\/div>\r\n                <\/div>\r\n            <\/div>\r\n            <div class=\"col-lg-6\">\r\n                <div class=\"rbt-contact-form contact-form-style-1 max-width-auto\">\r\n                                        <div class=\"section-title text-start\">\r\n                        <span class=\"subtitle bg-primary-opacity\">Kontakt forma<\/span>\r\n                    <\/div>\r\n                                                                <h3 class=\"title\">\u017delite li saznati vi\u0161e o na\u0161im kursevima, postaviti pitanje ili dogovoriti savjetovanje? <\/h3>\r\n                                        \n<div class=\"wpcf7 no-js\" id=\"wpcf7-f7127-o1\" lang=\"en-US\" dir=\"ltr\">\n<div class=\"screen-reader-response\"><p role=\"status\" aria-live=\"polite\" aria-atomic=\"true\"><\/p> <ul><\/ul><\/div>\n<form action=\"\/en\/wp-json\/wp\/v2\/pages\/3933#wpcf7-f7127-o1\" method=\"post\" class=\"wpcf7-form init\" aria-label=\"Contact form\" novalidate=\"novalidate\" data-status=\"init\" data-trp-original-action=\"\/en\/wp-json\/wp\/v2\/pages\/3933#wpcf7-f7127-o1\">\n<div style=\"display: none;\">\n<input type=\"hidden\" name=\"_wpcf7\" value=\"7127\" \/>\n<input type=\"hidden\" name=\"_wpcf7_version\" value=\"5.9.8\" \/>\n<input type=\"hidden\" name=\"_wpcf7_locale\" value=\"en_US\" \/>\n<input type=\"hidden\" name=\"_wpcf7_unit_tag\" value=\"wpcf7-f7127-o1\" \/>\n<input type=\"hidden\" name=\"_wpcf7_container_post\" value=\"0\" \/>\n<input type=\"hidden\" name=\"_wpcf7_posted_data_hash\" value=\"\" \/>\n<\/div>\n<div id=\"contact-form\" class=\"rainbow-dynamic-form max-width-auto\">\n\t<div class=\"form-group\">\n\t\t<p><span class=\"wpcf7-form-control-wrap\" data-name=\"contact-name\"><input size=\"40\" maxlength=\"400\" class=\"wpcf7-form-control wpcf7-text wpcf7-validates-as-required\" id=\"contact-name\" aria-required=\"true\" aria-invalid=\"false\" value=\"\" type=\"text\" name=\"contact-name\" \/><\/span><label>Ime<\/label><span class=\"focus-border\"><\/span>\n\t\t<\/p>\n\t<\/div>\n\t<div class=\"form-group\">\n\t\t<p><span class=\"wpcf7-form-control-wrap\" data-name=\"contact-phone\"><input size=\"40\" maxlength=\"400\" class=\"wpcf7-form-control wpcf7-email wpcf7-validates-as-required wpcf7-text wpcf7-validates-as-email\" aria-required=\"true\" aria-invalid=\"false\" value=\"\" type=\"email\" name=\"contact-phone\" \/><\/span><label>Email<\/label><span class=\"focus-border\"><\/span>\n\t\t<\/p>\n\t<\/div>\n\t<div class=\"form-group\">\n\t\t<p><span class=\"wpcf7-form-control-wrap\" data-name=\"subject\"><input size=\"40\" maxlength=\"400\" class=\"wpcf7-form-control wpcf7-text wpcf7-validates-as-required\" id=\"subject\" aria-required=\"true\" aria-invalid=\"false\" value=\"\" type=\"text\" name=\"subject\" \/><\/span><label>Naslov<\/label><span class=\"focus-border\"><\/span>\n\t\t<\/p>\n\t<\/div>\n\t<div class=\"form-group\">\n\t\t<p><span class=\"wpcf7-form-control-wrap\" data-name=\"contact-message\"><textarea cols=\"40\" rows=\"10\" maxlength=\"2000\" class=\"wpcf7-form-control wpcf7-textarea\" id=\"contact-message\" aria-invalid=\"false\" name=\"contact-message\"><\/textarea><\/span><label>Poruka<\/label><span class=\"focus-border\"><\/span>\n\t\t<\/p>\n\t<\/div>\n\t<div class=\"form-submit-group\">\n\t\t<p><button name=\"submit\" type=\"submit\" id=\"submit\" class=\"rbt-btn btn-md btn-gradient hover-icon-reverse w-100 wpcf7-form-control wpcf7-submit has-spinner\"><span class=\"icon-reverse-wrapper\"><span class=\"btn-text\">PO\u0160ALJI<\/span><span class=\"btn-icon\"><i class=\"feather-arrow-right\"><\/i><\/span><span class=\"btn-icon\"><i class=\"feather-arrow-right\"><\/i><\/span><\/span><\/button>\n\t\t<\/p>\n\t<\/div>\n<\/div><div class=\"wpcf7-response-output\" aria-hidden=\"true\"><\/div>\n<input type=\"hidden\" name=\"trp-form-language\" value=\"en\"\/><\/form>\n<\/div>\n                <\/div>\r\n            <\/div>\r\n        <\/div>\r\n    <\/div>\r\n<\/div>\r\n<!-- End Contact Me Area  -->\t\t<\/div>\n\t\t\t\t<\/div>\n\t\t\t\t<\/div>\n\t\t<div class=\"elementor-element elementor-element-bcde057 e-con-full e-flex e-con e-parent\" data-id=\"bcde057\" data-element_type=\"container\">\n\t\t\t\t<div class=\"elementor-element elementor-element-bcb2b77 elementor-widget elementor-widget-google_maps\" data-id=\"bcb2b77\" data-element_type=\"widget\" data-widget_type=\"google_maps.default\">\n\t\t\t\t<div class=\"elementor-widget-container\">\n\t\t\t<style>\/*! elementor - v3.23.0 - 05-08-2024 *\/\n.elementor-widget-google_maps .elementor-widget-container{overflow:hidden}.elementor-widget-google_maps .elementor-custom-embed{line-height:0}.elementor-widget-google_maps iframe{height:300px}<\/style>\t\t<div class=\"elementor-custom-embed\">\n\t\t\t<iframe loading=\"lazy\"\n\t\t\t\t\tsrc=\"https:\/\/maps.google.com\/maps?q=Branilaca%20Sarajeva%2020&#038;t=m&#038;z=15&#038;output=embed&#038;iwloc=near\"\n\t\t\t\t\ttitle=\"Branilaca Sarajeva 20\"\n\t\t\t\t\taria-label=\"Branilaca Sarajeva 20\"\n\t\t\t><\/iframe>\n\t\t<\/div>\n\t\t\t\t<\/div>\n\t\t\t\t<\/div>\n\t\t\t\t<\/div>\n\t\t\t\t<\/div>","protected":false},"excerpt":{"rendered":"<p>KONTAKT Kontaktirajte nas Kontakt broj +387 \/ 62 \/ 415 \u2013 545 E-mail adresa info@bs-lang.ba Na\u0161a lokacija Branilaca Sarajeva 20, 1. Sprat 71000 Sarajevo Kontakt forma \u017delite li saznati vi\u0161e o na\u0161im kursevima, postaviti pitanje ili dogovoriti savjetovanje? Name Email Your Subject Message GET IT NOW<\/p>","protected":false},"author":1,"featured_media":0,"parent":0,"menu_order":0,"comment_status":"closed","ping_status":"closed","template":"elementor_header_footer","meta":{"_acf_changed":false,"footnotes":""},"class_list":["post-3933","page","type-page","status-publish","hentry"],"acf":[],"yoast_head":"<!-- This site is optimized with the Yoast SEO Premium plugin v21.5 (Yoast SEO v21.5) - https:\/\/yoast.com\/wordpress\/plugins\/seo\/ -->\n<title>Kontakt - Business and languages<\/title>\n<meta name=\"robots\" content=\"index, follow, max-snippet:-1, max-image-preview:large, max-video-preview:-1\" \/>\n<link rel=\"canonical\" href=\"https:\/\/bs-lang.ba\/en\/kontakt\/\" \/>\n<meta property=\"og:locale\" content=\"en_GB\" \/>\n<meta property=\"og:type\" content=\"article\" \/>\n<meta property=\"og:title\" content=\"Kontakt\" \/>\n<meta property=\"og:description\" content=\"KONTAKT Kontaktirajte nas Kontakt broj +387 \/ 62 \/ 415 \u2013 545 E-mail adresa info@bs-lang.ba Na\u0161a lokacija Branilaca Sarajeva 20, 1. Sprat 71000 Sarajevo Kontakt forma \u017delite li saznati vi\u0161e o na\u0161im kursevima, postaviti pitanje ili dogovoriti savjetovanje? Name Email Your Subject Message GET IT NOW\" \/>\n<meta property=\"og:url\" content=\"https:\/\/bs-lang.ba\/en\/kontakt\/\" \/>\n<meta property=\"og:site_name\" content=\"Business and languages\" \/>\n<meta property=\"article:modified_time\" content=\"2024-08-30T15:42:58+00:00\" \/>\n<meta property=\"og:image\" content=\"https:\/\/bs-lang.ba\/wp-content\/uploads\/2024\/08\/bs-full.png\" \/>\n<meta name=\"twitter:card\" content=\"summary_large_image\" \/>\n<script type=\"application\/ld+json\" class=\"yoast-schema-graph\">{\"@context\":\"https:\/\/schema.org\",\"@graph\":[{\"@type\":\"WebPage\",\"@id\":\"https:\/\/bs-lang.ba\/kontakt\/\",\"url\":\"https:\/\/bs-lang.ba\/kontakt\/\",\"name\":\"Kontakt - Business and languages\",\"isPartOf\":{\"@id\":\"https:\/\/bs-lang.ba\/#website\"},\"datePublished\":\"2024-02-06T10:27:13+00:00\",\"dateModified\":\"2024-08-30T15:42:58+00:00\",\"breadcrumb\":{\"@id\":\"https:\/\/bs-lang.ba\/kontakt\/#breadcrumb\"},\"inLanguage\":\"en-GB\",\"potentialAction\":[{\"@type\":\"ReadAction\",\"target\":[\"https:\/\/bs-lang.ba\/kontakt\/\"]}]},{\"@type\":\"BreadcrumbList\",\"@id\":\"https:\/\/bs-lang.ba\/kontakt\/#breadcrumb\",\"itemListElement\":[{\"@type\":\"ListItem\",\"position\":1,\"name\":\"Home\",\"item\":\"https:\/\/bs-lang.ba\/\"},{\"@type\":\"ListItem\",\"position\":2,\"name\":\"Kontakt\"}]},{\"@type\":\"WebSite\",\"@id\":\"https:\/\/bs-lang.ba\/#website\",\"url\":\"https:\/\/bs-lang.ba\/\",\"name\":\"Business and Languages\",\"description\":\"Edukativni centar\",\"publisher\":{\"@id\":\"https:\/\/bs-lang.ba\/#organization\"},\"potentialAction\":[{\"@type\":\"SearchAction\",\"target\":{\"@type\":\"EntryPoint\",\"urlTemplate\":\"https:\/\/bs-lang.ba\/?s={search_term_string}\"},\"query-input\":\"required name=search_term_string\"}],\"inLanguage\":\"en-GB\"},{\"@type\":\"Organization\",\"@id\":\"https:\/\/bs-lang.ba\/#organization\",\"name\":\"Business and Languages\",\"url\":\"https:\/\/bs-lang.ba\/\",\"logo\":{\"@type\":\"ImageObject\",\"inLanguage\":\"en-GB\",\"@id\":\"https:\/\/bs-lang.ba\/#\/schema\/logo\/image\/\",\"url\":\"https:\/\/bs-lang.ba\/wp-content\/uploads\/2024\/08\/cropped-Logo.png\",\"contentUrl\":\"https:\/\/bs-lang.ba\/wp-content\/uploads\/2024\/08\/cropped-Logo.png\",\"width\":512,\"height\":512,\"caption\":\"Business and Languages\"},\"image\":{\"@id\":\"https:\/\/bs-lang.ba\/#\/schema\/logo\/image\/\"}}]}<\/script>\n<!-- \/ Yoast SEO Premium plugin. -->","yoast_head_json":{"title":"Kontakt - Business and languages","robots":{"index":"index","follow":"follow","max-snippet":"max-snippet:-1","max-image-preview":"max-image-preview:large","max-video-preview":"max-video-preview:-1"},"canonical":"https:\/\/bs-lang.ba\/en\/kontakt\/","og_locale":"en_GB","og_type":"article","og_title":"Kontakt","og_description":"KONTAKT Kontaktirajte nas Kontakt broj +387 \/ 62 \/ 415 \u2013 545 E-mail adresa info@bs-lang.ba Na\u0161a lokacija Branilaca Sarajeva 20, 1. Sprat 71000 Sarajevo Kontakt forma \u017delite li saznati vi\u0161e o na\u0161im kursevima, postaviti pitanje ili dogovoriti savjetovanje? Name Email Your Subject Message GET IT NOW","og_url":"https:\/\/bs-lang.ba\/en\/kontakt\/","og_site_name":"Business and languages","article_modified_time":"2024-08-30T15:42:58+00:00","og_image":[{"url":"https:\/\/bs-lang.ba\/wp-content\/uploads\/2024\/08\/bs-full.png"}],"twitter_card":"summary_large_image","schema":{"@context":"https:\/\/schema.org","@graph":[{"@type":"WebPage","@id":"https:\/\/bs-lang.ba\/kontakt\/","url":"https:\/\/bs-lang.ba\/kontakt\/","name":"Kontakt - Business and languages","isPartOf":{"@id":"https:\/\/bs-lang.ba\/#website"},"datePublished":"2024-02-06T10:27:13+00:00","dateModified":"2024-08-30T15:42:58+00:00","breadcrumb":{"@id":"https:\/\/bs-lang.ba\/kontakt\/#breadcrumb"},"inLanguage":"en-GB","potentialAction":[{"@type":"ReadAction","target":["https:\/\/bs-lang.ba\/kontakt\/"]}]},{"@type":"BreadcrumbList","@id":"https:\/\/bs-lang.ba\/kontakt\/#breadcrumb","itemListElement":[{"@type":"ListItem","position":1,"name":"Home","item":"https:\/\/bs-lang.ba\/"},{"@type":"ListItem","position":2,"name":"Kontakt"}]},{"@type":"WebSite","@id":"https:\/\/bs-lang.ba\/#website","url":"https:\/\/bs-lang.ba\/","name":"Business and Languages","description":"Edukativni centar","publisher":{"@id":"https:\/\/bs-lang.ba\/#organization"},"potentialAction":[{"@type":"SearchAction","target":{"@type":"EntryPoint","urlTemplate":"https:\/\/bs-lang.ba\/?s={search_term_string}"},"query-input":"required name=search_term_string"}],"inLanguage":"en-GB"},{"@type":"Organization","@id":"https:\/\/bs-lang.ba\/#organization","name":"Business and Languages","url":"https:\/\/bs-lang.ba\/","logo":{"@type":"ImageObject","inLanguage":"en-GB","@id":"https:\/\/bs-lang.ba\/#\/schema\/logo\/image\/","url":"https:\/\/bs-lang.ba\/wp-content\/uploads\/2024\/08\/cropped-Logo.png","contentUrl":"https:\/\/bs-lang.ba\/wp-content\/uploads\/2024\/08\/cropped-Logo.png","width":512,"height":512,"caption":"Business and Languages"},"image":{"@id":"https:\/\/bs-lang.ba\/#\/schema\/logo\/image\/"}}]}},"_links":{"self":[{"href":"https:\/\/bs-lang.ba\/en\/wp-json\/wp\/v2\/pages\/3933","targetHints":{"allow":["GET"]}}],"collection":[{"href":"https:\/\/bs-lang.ba\/en\/wp-json\/wp\/v2\/pages"}],"about":[{"href":"https:\/\/bs-lang.ba\/en\/wp-json\/wp\/v2\/types\/page"}],"author":[{"embeddable":true,"href":"https:\/\/bs-lang.ba\/en\/wp-json\/wp\/v2\/users\/1"}],"replies":[{"embeddable":true,"href":"https:\/\/bs-lang.ba\/en\/wp-json\/wp\/v2\/comments?post=3933"}],"version-history":[{"count":0,"href":"https:\/\/bs-lang.ba\/en\/wp-json\/wp\/v2\/pages\/3933\/revisions"}],"wp:attachment":[{"href":"https:\/\/bs-lang.ba\/en\/wp-json\/wp\/v2\/media?parent=3933"}],"curies":[{"name":"wp","href":"https:\/\/api.w.org\/{rel}","templated":true}]}}